{"id":2109,"date":"2021-12-13T16:11:15","date_gmt":"2021-12-13T16:11:15","guid":{"rendered":"https:\/\/monofamilias.es\/activitats\/"},"modified":"2021-12-13T16:11:16","modified_gmt":"2021-12-13T16:11:16","slug":"activitats","status":"publish","type":"page","link":"https:\/\/monofamilias.es\/val\/activitats\/","title":{"rendered":"Activitats"},"content":{"rendered":"\t\t<div data-elementor-type=\"wp-page\" data-elementor-id=\"2109\" class=\"elementor elementor-2109 elementor-390\">\n\t\t\t\t\t\t\t\t\t<section class=\"elementor-section elementor-top-section elementor-element elementor-element-38e97985 elementor-section-boxed elementor-section-height-default elementor-section-height-default parallax_section_no qode_elementor_container_no\" data-id=\"38e97985\" data-element_type=\"section\">\n\t\t\t\t\t\t<div class=\"elementor-container elementor-column-gap-default\">\n\t\t\t\t\t<div class=\"elementor-column elementor-col-100 elementor-top-column elementor-element elementor-element-3bff12f1\" data-id=\"3bff12f1\" data-element_type=\"column\">\n\t\t\t<div class=\"elementor-widget-wrap elementor-element-populated\">\n\t\t\t\t\t\t\t\t<div class=\"elementor-element elementor-element-c6a2b3 elementor-widget elementor-widget-text-editor\" data-id=\"c6a2b3\" data-element_type=\"widget\" data-widget_type=\"text-editor.default\">\n\t\t\t\t<div class=\"elementor-widget-container\">\n\t\t\t<style>\/*! elementor - v3.16.0 - 20-09-2023 *\/\n.elementor-widget-text-editor.elementor-drop-cap-view-stacked .elementor-drop-cap{background-color:#69727d;color:#fff}.elementor-widget-text-editor.elementor-drop-cap-view-framed .elementor-drop-cap{color:#69727d;border:3px solid;background-color:transparent}.elementor-widget-text-editor:not(.elementor-drop-cap-view-default) .elementor-drop-cap{margin-top:8px}.elementor-widget-text-editor:not(.elementor-drop-cap-view-default) .elementor-drop-cap-letter{width:1em;height:1em}.elementor-widget-text-editor .elementor-drop-cap{float:left;text-align:center;line-height:1;font-size:50px}.elementor-widget-text-editor .elementor-drop-cap-letter{display:inline-block}<\/style>\t\t\t\t<h5>Tallers, confer\u00e8ncies, xarrades i molt m\u00e9s<\/h5>\n\t\t\t\t\t\t<\/div>\n\t\t\t\t<\/div>\n\t\t\t\t<div class=\"elementor-element elementor-element-624ccb89 elementor-widget elementor-widget-text-editor\" data-id=\"624ccb89\" data-element_type=\"widget\" data-widget_type=\"text-editor.default\">\n\t\t\t\t<div class=\"elementor-widget-container\">\n\t\t\t\t\t\t\t<h1>Activitats<\/h1>\n\t\t\t\t\t\t<\/div>\n\t\t\t\t<\/div>\n\t\t\t\t\t<\/div>\n\t\t<\/div>\n\t\t\t\t\t\t\t<\/div>\n\t\t<\/section>\n\t\t\t\t<section class=\"elementor-section elementor-top-section elementor-element elementor-element-cab072d qode_elementor_container_inner elementor-section-boxed elementor-section-height-default elementor-section-height-default parallax_section_no\" data-id=\"cab072d\" data-element_type=\"section\">\n\t\t\t\t\t\t<div class=\"elementor-container elementor-column-gap-default\">\n\t\t\t\t\t<div class=\"elementor-column elementor-col-100 elementor-top-column elementor-element elementor-element-e9ceb58\" data-id=\"e9ceb58\" data-element_type=\"column\">\n\t\t\t<div class=\"elementor-widget-wrap elementor-element-populated\">\n\t\t\t\t\t\t\t\t<div class=\"elementor-element elementor-element-5660567 elementor-widget elementor-widget-bridge_latest_posts\" data-id=\"5660567\" data-element_type=\"widget\" data-widget_type=\"bridge_latest_posts.default\">\n\t\t\t\t<div class=\"elementor-widget-container\">\n\t\t\t\n<div class='latest_post_holder boxes two_columns four_rows' >\n    <ul>\n    \n        <li class=\"clearfix\">\n            <div class=\"boxes_image\">\n                                <a itemprop=\"url\" href=\"https:\/\/monofamilias.es\/val\/fotos-de-li-congres-de-families-monoparentals\/\"><img loading=\"lazy\" width=\"539\" height=\"303\" src=\"https:\/\/monofamilias.es\/wp-content\/uploads\/2023\/10\/IMG_4622-539x303.jpg\" class=\"attachment-latest_post_boxes size-latest_post_boxes wp-post-image\" alt=\"\" decoding=\"async\" \/><\/a>\n            <\/div>\n            <div class=\"latest_post\"  >\n                <div class=\"latest_post_text\">\n                    <div class=\"latest_post_inner\">\n                        <div class=\"latest_post_text_inner\">\n                            <h4 itemprop=\"name\" class=\"latest_post_title entry_title\"><a itemprop=\"url\" href=\"https:\/\/monofamilias.es\/val\/fotos-de-li-congres-de-families-monoparentals\/\">Fotos de l&#8217;I Congr\u00e9s de Fam\u00edlies Monoparentals<\/a><\/h4>\n                            \n                            <span class=\"post_infos\">\n                                                                    <span class=\"date_hour_holder\">\n                                        <span itemprop=\"dateCreated\" class=\"date entry_date updated\">03 October, 2023 <meta itemprop=\"interactionCount\" content=\"UserComments: 0\"\/><\/span>\n                                    <\/span>\n                                                                                                \n                                \n                                                            <\/span>\n                        <\/div>\n                    <\/div>\n                <\/div>\n            <\/div>\n        <\/li>\n    \n        <li class=\"clearfix\">\n            <div class=\"boxes_image\">\n                                <a itemprop=\"url\" href=\"https:\/\/monofamilias.es\/val\/congres-autonomic-de-families-monoparentals\/\"><img loading=\"lazy\" width=\"539\" height=\"303\" src=\"https:\/\/monofamilias.es\/wp-content\/uploads\/2023\/09\/congreso-familias-monoparentales-539x303.png\" class=\"attachment-latest_post_boxes size-latest_post_boxes wp-post-image\" alt=\"\" decoding=\"async\" \/><\/a>\n            <\/div>\n            <div class=\"latest_post\"  >\n                <div class=\"latest_post_text\">\n                    <div class=\"latest_post_inner\">\n                        <div class=\"latest_post_text_inner\">\n                            <h4 itemprop=\"name\" class=\"latest_post_title entry_title\"><a itemprop=\"url\" href=\"https:\/\/monofamilias.es\/val\/congres-autonomic-de-families-monoparentals\/\">Celebrem el I Congres Auton\u00f2mic de Fam\u00edlies Monoparentals<\/a><\/h4>\n                            \n                            <span class=\"post_infos\">\n                                                                    <span class=\"date_hour_holder\">\n                                        <span itemprop=\"dateCreated\" class=\"date entry_date updated\">12 September, 2023 <meta itemprop=\"interactionCount\" content=\"UserComments: 0\"\/><\/span>\n                                    <\/span>\n                                                                                                \n                                \n                                                            <\/span>\n                        <\/div>\n                    <\/div>\n                <\/div>\n            <\/div>\n        <\/li>\n    \n        <li class=\"clearfix\">\n            <div class=\"boxes_image\">\n                                <a itemprop=\"url\" href=\"https:\/\/monofamilias.es\/val\/escola-de-families-els-limits-de-la-crianca\/\"><img loading=\"lazy\" width=\"539\" height=\"303\" src=\"https:\/\/monofamilias.es\/wp-content\/uploads\/2023\/05\/escuel-familias-539x303.jpg\" class=\"attachment-latest_post_boxes size-latest_post_boxes wp-post-image\" alt=\"\" decoding=\"async\" \/><\/a>\n            <\/div>\n            <div class=\"latest_post\"  >\n                <div class=\"latest_post_text\">\n                    <div class=\"latest_post_inner\">\n                        <div class=\"latest_post_text_inner\">\n                            <h4 itemprop=\"name\" class=\"latest_post_title entry_title\"><a itemprop=\"url\" href=\"https:\/\/monofamilias.es\/val\/escola-de-families-els-limits-de-la-crianca\/\">Escola de fam\u00edlies &#8220;Els l\u00edmits de la crian\u00e7a&#8221;<\/a><\/h4>\n                            \n                            <span class=\"post_infos\">\n                                                                    <span class=\"date_hour_holder\">\n                                        <span itemprop=\"dateCreated\" class=\"date entry_date updated\">25 May, 2023 <meta itemprop=\"interactionCount\" content=\"UserComments: 0\"\/><\/span>\n                                    <\/span>\n                                                                                                \n                                \n                                                            <\/span>\n                        <\/div>\n                    <\/div>\n                <\/div>\n            <\/div>\n        <\/li>\n    \n        <li class=\"clearfix\">\n            <div class=\"boxes_image\">\n                                <a itemprop=\"url\" href=\"https:\/\/monofamilias.es\/val\/mindful-park-mindfulnes-pilates-i-desdejuni-saludable\/\"><img loading=\"lazy\" width=\"539\" height=\"303\" src=\"https:\/\/monofamilias.es\/wp-content\/uploads\/2023\/05\/mindful-park-539x303.jpg\" class=\"attachment-latest_post_boxes size-latest_post_boxes wp-post-image\" alt=\"\" decoding=\"async\" \/><\/a>\n            <\/div>\n            <div class=\"latest_post\"  >\n                <div class=\"latest_post_text\">\n                    <div class=\"latest_post_inner\">\n                        <div class=\"latest_post_text_inner\">\n                            <h4 itemprop=\"name\" class=\"latest_post_title entry_title\"><a itemprop=\"url\" href=\"https:\/\/monofamilias.es\/val\/mindful-park-mindfulnes-pilates-i-desdejuni-saludable\/\">Mindful-Park &#8220;Mindfulnes-pilates i desdejuni saludable&#8221;<\/a><\/h4>\n                            \n                            <span class=\"post_infos\">\n                                                                    <span class=\"date_hour_holder\">\n                                        <span itemprop=\"dateCreated\" class=\"date entry_date updated\">18 May, 2023 <meta itemprop=\"interactionCount\" content=\"UserComments: 0\"\/><\/span>\n                                    <\/span>\n                                                                                                \n                                \n                                                            <\/span>\n                        <\/div>\n                    <\/div>\n                <\/div>\n            <\/div>\n        <\/li>\n    \n        <li class=\"clearfix\">\n            <div class=\"boxes_image\">\n                                <a itemprop=\"url\" href=\"https:\/\/monofamilias.es\/val\/ja-tenim-guanyadora-del-sorteig-especial-dia-de-la-mare\/\"><img loading=\"lazy\" width=\"539\" height=\"303\" src=\"https:\/\/monofamilias.es\/wp-content\/uploads\/2023\/05\/IMG20230513112126_01-539x303.jpg\" class=\"attachment-latest_post_boxes size-latest_post_boxes wp-post-image\" alt=\"\" decoding=\"async\" \/><\/a>\n            <\/div>\n            <div class=\"latest_post\"  >\n                <div class=\"latest_post_text\">\n                    <div class=\"latest_post_inner\">\n                        <div class=\"latest_post_text_inner\">\n                            <h4 itemprop=\"name\" class=\"latest_post_title entry_title\"><a itemprop=\"url\" href=\"https:\/\/monofamilias.es\/val\/ja-tenim-guanyadora-del-sorteig-especial-dia-de-la-mare\/\">Ja tenim guanyadora del Sorteig especial &#8220;Dia de la mare&#8221;<\/a><\/h4>\n                            \n                            <span class=\"post_infos\">\n                                                                    <span class=\"date_hour_holder\">\n                                        <span itemprop=\"dateCreated\" class=\"date entry_date updated\">18 May, 2023 <meta itemprop=\"interactionCount\" content=\"UserComments: 0\"\/><\/span>\n                                    <\/span>\n                                                                                                \n                                \n                                                            <\/span>\n                        <\/div>\n                    <\/div>\n                <\/div>\n            <\/div>\n        <\/li>\n    \n        <li class=\"clearfix\">\n            <div class=\"boxes_image\">\n                                <a itemprop=\"url\" href=\"https:\/\/monofamilias.es\/val\/sorteig-especial-dia-de-la-mare\/\"><img loading=\"lazy\" width=\"539\" height=\"303\" src=\"https:\/\/monofamilias.es\/wp-content\/uploads\/2023\/05\/dia-de-la-madre-539x303.jpg\" class=\"attachment-latest_post_boxes size-latest_post_boxes wp-post-image\" alt=\"\" decoding=\"async\" \/><\/a>\n            <\/div>\n            <div class=\"latest_post\"  >\n                <div class=\"latest_post_text\">\n                    <div class=\"latest_post_inner\">\n                        <div class=\"latest_post_text_inner\">\n                            <h4 itemprop=\"name\" class=\"latest_post_title entry_title\"><a itemprop=\"url\" href=\"https:\/\/monofamilias.es\/val\/sorteig-especial-dia-de-la-mare\/\">Sorteig especial &#8220;Dia de la mare&#8221;<\/a><\/h4>\n                            \n                            <span class=\"post_infos\">\n                                                                    <span class=\"date_hour_holder\">\n                                        <span itemprop=\"dateCreated\" class=\"date entry_date updated\">03 May, 2023 <meta itemprop=\"interactionCount\" content=\"UserComments: 0\"\/><\/span>\n                                    <\/span>\n                                                                                                \n                                \n                                                            <\/span>\n                        <\/div>\n                    <\/div>\n                <\/div>\n            <\/div>\n        <\/li>\n    \n        <li class=\"clearfix\">\n            <div class=\"boxes_image\">\n                                <a itemprop=\"url\" href=\"https:\/\/monofamilias.es\/val\/jornadas-comarcales-de-voluntariado-en-alicante-2023\/\"><img loading=\"lazy\" width=\"300\" height=\"303\" src=\"https:\/\/monofamilias.es\/wp-content\/uploads\/2023\/04\/alicante-300x303.gif\" class=\"attachment-latest_post_boxes size-latest_post_boxes wp-post-image\" alt=\"\" decoding=\"async\" \/><\/a>\n            <\/div>\n            <div class=\"latest_post\"  >\n                <div class=\"latest_post_text\">\n                    <div class=\"latest_post_inner\">\n                        <div class=\"latest_post_text_inner\">\n                            <h4 itemprop=\"name\" class=\"latest_post_title entry_title\"><a itemprop=\"url\" href=\"https:\/\/monofamilias.es\/val\/jornadas-comarcales-de-voluntariado-en-alicante-2023\/\">Jornades comarcals de voluntariat a Alacant 2023<\/a><\/h4>\n                            \n                            <span class=\"post_infos\">\n                                                                    <span class=\"date_hour_holder\">\n                                        <span itemprop=\"dateCreated\" class=\"date entry_date updated\">13 April, 2023 <meta itemprop=\"interactionCount\" content=\"UserComments: 0\"\/><\/span>\n                                    <\/span>\n                                                                                                \n                                \n                                                            <\/span>\n                        <\/div>\n                    <\/div>\n                <\/div>\n            <\/div>\n        <\/li>\n    \n        <li class=\"clearfix\">\n            <div class=\"boxes_image\">\n                                <a itemprop=\"url\" href=\"https:\/\/monofamilias.es\/val\/taller-apren-a-fer-les-teues-propies-joies\/\"><img loading=\"lazy\" width=\"539\" height=\"303\" src=\"https:\/\/monofamilias.es\/wp-content\/uploads\/2023\/04\/taller-joyeria-539x303.jpg\" class=\"attachment-latest_post_boxes size-latest_post_boxes wp-post-image\" alt=\"\" decoding=\"async\" \/><\/a>\n            <\/div>\n            <div class=\"latest_post\"  >\n                <div class=\"latest_post_text\">\n                    <div class=\"latest_post_inner\">\n                        <div class=\"latest_post_text_inner\">\n                            <h4 itemprop=\"name\" class=\"latest_post_title entry_title\"><a itemprop=\"url\" href=\"https:\/\/monofamilias.es\/val\/taller-apren-a-fer-les-teues-propies-joies\/\">Taller &#8220;apr\u00e9n a fer les teues pr\u00f2pies joies&#8221;<\/a><\/h4>\n                            \n                            <span class=\"post_infos\">\n                                                                    <span class=\"date_hour_holder\">\n                                        <span itemprop=\"dateCreated\" class=\"date entry_date updated\">13 April, 2023 <meta itemprop=\"interactionCount\" content=\"UserComments: 0\"\/><\/span>\n                                    <\/span>\n                                                                                                \n                                \n                                                            <\/span>\n                        <\/div>\n                    <\/div>\n                <\/div>\n            <\/div>\n        <\/li>\n        <\/ul>\n<\/div>\t\t<\/div>\n\t\t\t\t<\/div>\n\t\t\t\t\t<\/div>\n\t\t<\/div>\n\t\t\t\t\t\t\t<\/div>\n\t\t<\/section>\n\t\t\t\t\t\t\t<\/div>\n\t\t","protected":false},"excerpt":{"rendered":"<p>Tallers, confer\u00e8ncies, xarrades i molt m\u00e9s Activitats Clases de Guitarra 18 noviembre, 2021 Clases de Ingl\u00e9s para Adultos y Ni\u00f1os 18 noviembre, 2021 Charla sobre Gesti\u00f3n del Tiempo 17 noviembre, 2021 Actividades por el D\u00eda Universal del Ni\u00f1o 15 noviembre, 2021<\/p>\n","protected":false},"author":1,"featured_media":0,"parent":0,"menu_order":0,"comment_status":"closed","ping_status":"closed","template":"full_width.php","meta":{"om_disable_all_campaigns":false,"_mi_skip_tracking":false,"_monsterinsights_sitenote_active":false,"_monsterinsights_sitenote_note":"","_monsterinsights_sitenote_category":0,"footnotes":""},"yoast_head":"<!-- This site is optimized with the Yoast SEO plugin v21.3 - https:\/\/yoast.com\/wordpress\/plugins\/seo\/ -->\n<title>Activitats - Monofamilias - Familias Monoparentales de la Comunidad Valenciana<\/title>\n<meta name=\"robots\" content=\"index, follow, max-snippet:-1, max-image-preview:large, max-video-preview:-1\" \/>\n<link rel=\"canonical\" href=\"https:\/\/monofamilias.es\/val\/activitats\/\" \/>\n<meta property=\"og:locale\" content=\"en_US\" \/>\n<meta property=\"og:type\" content=\"article\" \/>\n<meta property=\"og:title\" content=\"Activitats - Monofamilias - Familias Monoparentales de la Comunidad Valenciana\" \/>\n<meta property=\"og:description\" content=\"Tallers, confer\u00e8ncies, xarrades i molt m\u00e9s Activitats Clases de Guitarra 18 noviembre, 2021 Clases de Ingl\u00e9s para Adultos y Ni\u00f1os 18 noviembre, 2021 Charla sobre Gesti\u00f3n del Tiempo 17 noviembre, 2021 Actividades por el D\u00eda Universal del Ni\u00f1o 15 noviembre, 2021\" \/>\n<meta property=\"og:url\" content=\"https:\/\/monofamilias.es\/val\/activitats\/\" \/>\n<meta property=\"og:site_name\" content=\"Monofamilias\" \/>\n<meta property=\"article:modified_time\" content=\"2021-12-13T16:11:16+00:00\" \/>\n<meta property=\"og:image\" content=\"https:\/\/monofamilias.es\/wp-content\/uploads\/2021\/11\/clase-guitarra-539x303.jpg\" \/>\n<meta name=\"twitter:card\" content=\"summary_large_image\" \/>\n<script type=\"application\/ld+json\" class=\"yoast-schema-graph\">{\"@context\":\"https:\/\/schema.org\",\"@graph\":[{\"@type\":\"WebPage\",\"@id\":\"https:\/\/monofamilias.es\/val\/activitats\/\",\"url\":\"https:\/\/monofamilias.es\/val\/activitats\/\",\"name\":\"Activitats - Monofamilias - Familias Monoparentales de la Comunidad Valenciana\",\"isPartOf\":{\"@id\":\"https:\/\/monofamilias.es\/#website\"},\"datePublished\":\"2021-12-13T16:11:15+00:00\",\"dateModified\":\"2021-12-13T16:11:16+00:00\",\"inLanguage\":\"val\",\"potentialAction\":[{\"@type\":\"ReadAction\",\"target\":[\"https:\/\/monofamilias.es\/val\/activitats\/\"]}]},{\"@type\":\"WebSite\",\"@id\":\"https:\/\/monofamilias.es\/#website\",\"url\":\"https:\/\/monofamilias.es\/\",\"name\":\"Monofamilias\",\"description\":\"Familias Monoparentales de la Comunidad Valenciana\",\"publisher\":{\"@id\":\"https:\/\/monofamilias.es\/#organization\"},\"potentialAction\":[{\"@type\":\"SearchAction\",\"target\":{\"@type\":\"EntryPoint\",\"urlTemplate\":\"https:\/\/monofamilias.es\/?s={search_term_string}\"},\"query-input\":\"required name=search_term_string\"}],\"inLanguage\":\"val\"},{\"@type\":\"Organization\",\"@id\":\"https:\/\/monofamilias.es\/#organization\",\"name\":\"Monofamilias\",\"url\":\"https:\/\/monofamilias.es\/\",\"logo\":{\"@type\":\"ImageObject\",\"inLanguage\":\"val\",\"@id\":\"https:\/\/monofamilias.es\/#\/schema\/logo\/image\/\",\"url\":\"https:\/\/monofamilias.es\/wp-content\/uploads\/2020\/04\/Familias-Monoparentales-Valencia-r.png\",\"contentUrl\":\"https:\/\/monofamilias.es\/wp-content\/uploads\/2020\/04\/Familias-Monoparentales-Valencia-r.png\",\"width\":900,\"height\":265,\"caption\":\"Monofamilias\"},\"image\":{\"@id\":\"https:\/\/monofamilias.es\/#\/schema\/logo\/image\/\"}}]}<\/script>\n<!-- \/ Yoast SEO plugin. -->","yoast_head_json":{"title":"Activitats - Monofamilias - Familias Monoparentales de la Comunidad Valenciana","robots":{"index":"index","follow":"follow","max-snippet":"max-snippet:-1","max-image-preview":"max-image-preview:large","max-video-preview":"max-video-preview:-1"},"canonical":"https:\/\/monofamilias.es\/val\/activitats\/","og_locale":"en_US","og_type":"article","og_title":"Activitats - Monofamilias - Familias Monoparentales de la Comunidad Valenciana","og_description":"Tallers, confer\u00e8ncies, xarrades i molt m\u00e9s Activitats Clases de Guitarra 18 noviembre, 2021 Clases de Ingl\u00e9s para Adultos y Ni\u00f1os 18 noviembre, 2021 Charla sobre Gesti\u00f3n del Tiempo 17 noviembre, 2021 Actividades por el D\u00eda Universal del Ni\u00f1o 15 noviembre, 2021","og_url":"https:\/\/monofamilias.es\/val\/activitats\/","og_site_name":"Monofamilias","article_modified_time":"2021-12-13T16:11:16+00:00","og_image":[{"url":"https:\/\/monofamilias.es\/wp-content\/uploads\/2021\/11\/clase-guitarra-539x303.jpg"}],"twitter_card":"summary_large_image","schema":{"@context":"https:\/\/schema.org","@graph":[{"@type":"WebPage","@id":"https:\/\/monofamilias.es\/val\/activitats\/","url":"https:\/\/monofamilias.es\/val\/activitats\/","name":"Activitats - Monofamilias - Familias Monoparentales de la Comunidad Valenciana","isPartOf":{"@id":"https:\/\/monofamilias.es\/#website"},"datePublished":"2021-12-13T16:11:15+00:00","dateModified":"2021-12-13T16:11:16+00:00","inLanguage":"val","potentialAction":[{"@type":"ReadAction","target":["https:\/\/monofamilias.es\/val\/activitats\/"]}]},{"@type":"WebSite","@id":"https:\/\/monofamilias.es\/#website","url":"https:\/\/monofamilias.es\/","name":"Monofamilias","description":"Familias Monoparentales de la Comunidad Valenciana","publisher":{"@id":"https:\/\/monofamilias.es\/#organization"},"potentialAction":[{"@type":"SearchAction","target":{"@type":"EntryPoint","urlTemplate":"https:\/\/monofamilias.es\/?s={search_term_string}"},"query-input":"required name=search_term_string"}],"inLanguage":"val"},{"@type":"Organization","@id":"https:\/\/monofamilias.es\/#organization","name":"Monofamilias","url":"https:\/\/monofamilias.es\/","logo":{"@type":"ImageObject","inLanguage":"val","@id":"https:\/\/monofamilias.es\/#\/schema\/logo\/image\/","url":"https:\/\/monofamilias.es\/wp-content\/uploads\/2020\/04\/Familias-Monoparentales-Valencia-r.png","contentUrl":"https:\/\/monofamilias.es\/wp-content\/uploads\/2020\/04\/Familias-Monoparentales-Valencia-r.png","width":900,"height":265,"caption":"Monofamilias"},"image":{"@id":"https:\/\/monofamilias.es\/#\/schema\/logo\/image\/"}}]}},"_links":{"self":[{"href":"https:\/\/monofamilias.es\/val\/wp-json\/wp\/v2\/pages\/2109"}],"collection":[{"href":"https:\/\/monofamilias.es\/val\/wp-json\/wp\/v2\/pages"}],"about":[{"href":"https:\/\/monofamilias.es\/val\/wp-json\/wp\/v2\/types\/page"}],"author":[{"embeddable":true,"href":"https:\/\/monofamilias.es\/val\/wp-json\/wp\/v2\/users\/1"}],"replies":[{"embeddable":true,"href":"https:\/\/monofamilias.es\/val\/wp-json\/wp\/v2\/comments?post=2109"}],"version-history":[{"count":3,"href":"https:\/\/monofamilias.es\/val\/wp-json\/wp\/v2\/pages\/2109\/revisions"}],"predecessor-version":[{"id":2112,"href":"https:\/\/monofamilias.es\/val\/wp-json\/wp\/v2\/pages\/2109\/revisions\/2112"}],"wp:attachment":[{"href":"https:\/\/monofamilias.es\/val\/wp-json\/wp\/v2\/media?parent=2109"}],"curies":[{"name":"wp","href":"https:\/\/api.w.org\/{rel}","templated":true}]}}