{"id":2214,"date":"2020-01-10T08:34:41","date_gmt":"2020-01-10T08:34:41","guid":{"rendered":"https:\/\/monofamilias.es\/politica-de-privacidad\/"},"modified":"2023-02-13T12:30:02","modified_gmt":"2023-02-13T12:30:02","slug":"politica-de-privacitat","status":"publish","type":"page","link":"https:\/\/monofamilias.es\/val\/politica-de-privacitat\/","title":{"rendered":"Pol\u00edtica de privacitat"},"content":{"rendered":"<header class=\"entry-header\"><\/header>\r\n<div class=\"entry-content\">\r\n<h1 class=\"wp-block-heading\">Pol\u00edtica de privacitat<\/h1>\r\n<p>asociacionfamiliasmonoparentales.es \u00e9s una web pertanyent a l&#8217;Associaci\u00f3 Fam\u00edlies Monoparentals de la Comunitat Valenciana (en els successiu l&#8217;Associaci\u00f3 o *Monofamilias). En accedir al present lloc web, l&#8217;usuari autoritza l&#8217;Associaci\u00f3 a utilitzar la seua informaci\u00f3 personal. <br \/>Per a navegar per aquesta web no \u00e9s necessari que facilites cap dada personal. Els casos en els quals volunt\u00e0riament pots indicar les teues dades s\u00f3n els seg\u00fcents:<br \/>\u2013 Si et poses en contacte a trav\u00e9s del formulari de contacte.<br \/>\u2013 Si ens envies un email.<br \/>\u2013 Si t&#8217;associes.<br \/>Totes aqueixes dades recaptades a trav\u00e9s dels formularis de recollida de dades d&#8217;aquest lloc web seran incorporats a un fitxer de dades de car\u00e0cter personal, del qual \u00e9s responsable l&#8217;Associaci\u00f3 Fam\u00edlies Monoparentals de la Comunitat Valenciana i l&#8217;\u00fanica finalitat de les quals \u00e9s atendre les peticions que es realitzen mitjan\u00e7ant aquest mitj\u00e0, web o email. <br \/>Quan vost\u00e9 ens sol\u00b7licite informaci\u00f3, li contestarem amb un email i en cas de voler associar-se amb un formulari on podr\u00e0 con\u00e9ixer la nostra pol\u00edtica de protecci\u00f3 de dades i privacitat, o associar-se directament a trav\u00e9s de la web, acceptant la pol\u00edtica de privacitat espec\u00edfica per a socis. Per aix\u00f2 li preguem que fins que no es pose en contacte amb personal de l&#8217;associaci\u00f3, reba aqueix formulari amb la informaci\u00f3 o accedisca al formulari de socis, no envie m\u00e9s que les dades m\u00ednimes necess\u00e0ries per al contacte.<br \/>En tot cas, aquesta Associaci\u00f3 tractar\u00e0 les dades de manera confidencial i exclusivament amb la finalitat d&#8217;oferir els serveis sol\u00b7licitats, amb totes les garanties legals i de seguretat que imposa la Llei org\u00e0nica 3\/2018, la Llei 34\/2002 o la Llei 1\/2002.<br \/>L&#8217;Associaci\u00f3 es compromet a no cedir, vendre, ni compartir les dades amb tercers sense la seua aprovaci\u00f3 pr\u00e8via expressa i escrita. Aix\u00ed mateix, l&#8217;Associaci\u00f3 cancel\u00b7lar\u00e0 o rectificar\u00e0 les dades quan resulten inexactes, incomplets o hagen deixat de ser necessaris o pertinents per a la seua finalitat, de conformitat amb el que es preveu en la normativa indicada. L&#8217;usuari podr\u00e0 revocar el consentiment prestat i exercir els drets d&#8217;acc\u00e9s, rectificaci\u00f3, cancel\u00b7laci\u00f3 i oposici\u00f3 dirigint-se a aquest efecte al domicili Carrer de Jorge Juan, 27, porta 3, CP 46002 de Val\u00e8ncia, identificant-se degudament i indicant de manera visible el concret dret que s&#8217;exerceix, si b\u00e9 seran l\u00edcits els tractaments realitzats anteriorment. Aquest dret pot exercitar-lo per correu ordinari o mitjan\u00e7ant email especificant el dret que desitja exercitar, escrivint-nos a administracion@monofamilias.es<br \/>Les dades seran tractades sobre la base jur\u00eddica del consentiment de la persona que els proporciona. Pot retirar-se aquest consentiment en qualsevol moment, si b\u00e9 aix\u00f2 no afectar\u00e0 la licitud dels tractaments efectuats amb anterioritat. <br \/>En cap cas poden enviar dades els menors d&#8217;edat, ni utilitzar-se fraudulentament aquestes dades. Si es faciliten dades de tercers, qui ho fa\u00e7a assumeix la responsabilitat d&#8217;informar-los pr\u00e8viament del que es preveu en l&#8217;article 14 del *RGPD. Enfront de qualsevol vulneraci\u00f3 de drets, pot presentar-se una reclamaci\u00f3 davant l&#8217;Ag\u00e8ncia Espanyola de Protecci\u00f3 de Dades.<br \/>Normes d&#8217;\u00fas<br \/>Quan els visitants deixen comentaris en la web, recopilem les dades que es mostren en el formulari de comentaris, aix\u00ed com l&#8217;adre\u00e7a IP del visitant i la cadena d&#8217;agents d&#8217;usuari del navegador per a ajudar a la detecci\u00f3 de *spam. Una cadena an\u00f2nima creada a partir de la teua adre\u00e7a de correu electr\u00f2nic (tamb\u00e9 dita *hash) pot ser proporcionada al servei de *Gravatar per a veure si l&#8217;est\u00e0s usant. La pol\u00edtica de privacitat del servei *Gravatar est\u00e0 disponible ac\u00ed: https:\/\/automattic.com\/privacy\/. Despr\u00e9s de l&#8217;aprovaci\u00f3 del teu comentari, la imatge del teu perfil \u00e9s visible per al p\u00fablic en el context del seu comentari.<br \/>Si puges imatges a la web hauries d&#8217;evitar pujar imatges amb dades d&#8217;ubicaci\u00f3 (GPS *EXIF) inclosos. Els visitants de la web poden descarregar i extraure qualsevol dada de localitzaci\u00f3 de les imatges de la web.<br \/>Si deixes un comentari en el nostre lloc pots triar guardar el teu nom, adre\u00e7a de correu electr\u00f2nic i web en cookies. Aix\u00f2 \u00e9s per a la teua comoditat, perqu\u00e8 no hages de tornar a emplenar les teues dades quan deixes un altre comentari. Aquestes cookies tindran una duraci\u00f3 d&#8217;un any.<br \/>Si tens un compte i et connectes a aquest lloc, instal\u00b7larem una *cookie temporal per a determinar si el teu navegador accepta cookies. Aquesta *cookie no cont\u00e9 dades personals i s&#8217;elimina en tancar el navegador.<br \/>Quan inicies sessi\u00f3, tamb\u00e9 instal\u00b7larem diverses cookies per a guardar la teua informaci\u00f3 d&#8217;inici de sessi\u00f3 i les teues opcions de visualitzaci\u00f3 de pantalla. Les cookies d&#8217;inici de sessi\u00f3 duren dos dies, i les cookies d&#8217;opcions de pantalla duren un any. Si selecciones \u201cRecordar-me\u201d, el teu inici de sessi\u00f3 perdurar\u00e0 durant dues setmanes. Si ixes del teu compte, les cookies d&#8217;inici de sessi\u00f3 s&#8217;eliminaran.<br \/>Si edites o publiques un article es guardar\u00e0 una *cookie addicional en el teu navegador. Aquesta *cookie no inclou dades personals i simplement indica l&#8217;ANEU de l&#8217;article que acabes d&#8217;editar. Caduca despr\u00e9s d&#8217;1 dia.<br \/>Pots obtindre m\u00e9s informaci\u00f3 sobre les nostres cookies en l&#8217;apartat espec\u00edfic de cookies en aquesta mateixa web.<br \/>Els articles d&#8217;aquest lloc poden incloure contingut incrustat (per exemple, v\u00eddeos, imatges, articles, etc.). El contingut incrustat d&#8217;altres webs es comporta exactament de la mateixa manera que si el visitant haguera visitat l&#8217;altra web. Aquestes webs poden recopilar dades sobre tu, utilitzar cookies, incrustar un seguiment addicional de tercers, i supervisar la teua interacci\u00f3 amb aqueix contingut incrustat, incl\u00f2s el seguiment de la teua interacci\u00f3 amb el contingut incrustat si tens un compte i est\u00e0s connectat a aqueixa web.<br \/>Si deixes un comentari, el comentari i les seues metadades es conserven indefinidament. Aix\u00f2 \u00e9s perqu\u00e8 puguem recon\u00e9ixer i aprovar comentaris successius autom\u00e0ticament en lloc de mantindre&#8217;ls en una cua de moderaci\u00f3.<br \/>Si tens un compte o has deixat comentaris en aquesta web, pots sol\u00b7licitar rebre un arxiu d&#8217;exportaci\u00f3 de les dades personals que tenim sobre tu, incloent-hi qualsevol dada que ens hages proporcionat. Tamb\u00e9 pots sol\u00b7licitar que eliminem qualsevol dada personal que tinguem sobre tu. Aix\u00f2 no inclou cap dada que estiguem obligats a conservar amb finalitats administratius, legals o de seguretat, tal com hem indicat anteriorment, aix\u00ed com la manera d&#8217;exercitar aquests drets.<\/p>\r\n<p>&nbsp;<\/p>\r\n<\/div>\r\n","protected":false},"excerpt":{"rendered":"<p>Pol\u00edtica de privacitat asociacionfamiliasmonoparentales.es \u00e9s una web pertanyent a l&#8217;Associaci\u00f3 Fam\u00edlies Monoparentals de la Comunitat Valenciana (en els successiu l&#8217;Associaci\u00f3 o *Monofamilias). En accedir al present lloc web, l&#8217;usuari autoritza l&#8217;Associaci\u00f3 a utilitzar la seua informaci\u00f3 personal. Per a navegar per aquesta web no \u00e9s&#8230;<\/p>\n","protected":false},"author":1,"featured_media":0,"parent":0,"menu_order":0,"comment_status":"closed","ping_status":"open","template":"","meta":{"om_disable_all_campaigns":false,"_mi_skip_tracking":false,"_monsterinsights_sitenote_active":false,"_monsterinsights_sitenote_note":"","_monsterinsights_sitenote_category":0,"footnotes":""},"yoast_head":"<!-- This site is optimized with the Yoast SEO plugin v21.3 - https:\/\/yoast.com\/wordpress\/plugins\/seo\/ -->\n<title>Pol\u00edtica de privacitat - Monofamilias - Familias Monoparentales de la Comunidad Valenciana<\/title>\n<meta name=\"robots\" content=\"index, follow, max-snippet:-1, max-image-preview:large, max-video-preview:-1\" \/>\n<link rel=\"canonical\" href=\"https:\/\/monofamilias.es\/val\/politica-de-privacitat\/\" \/>\n<meta property=\"og:locale\" content=\"en_US\" \/>\n<meta property=\"og:type\" content=\"article\" \/>\n<meta property=\"og:title\" content=\"Pol\u00edtica de privacitat - Monofamilias - Familias Monoparentales de la Comunidad Valenciana\" \/>\n<meta property=\"og:description\" content=\"Pol\u00edtica de privacitat asociacionfamiliasmonoparentales.es \u00e9s una web pertanyent a l&#8217;Associaci\u00f3 Fam\u00edlies Monoparentals de la Comunitat Valenciana (en els successiu l&#8217;Associaci\u00f3 o *Monofamilias). En accedir al present lloc web, l&#8217;usuari autoritza l&#8217;Associaci\u00f3 a utilitzar la seua informaci\u00f3 personal. Per a navegar per aquesta web no \u00e9s...\" \/>\n<meta property=\"og:url\" content=\"https:\/\/monofamilias.es\/val\/politica-de-privacitat\/\" \/>\n<meta property=\"og:site_name\" content=\"Monofamilias\" \/>\n<meta property=\"article:modified_time\" content=\"2023-02-13T12:30:02+00:00\" \/>\n<meta name=\"twitter:card\" content=\"summary_large_image\" \/>\n<meta name=\"twitter:label1\" content=\"Est. reading time\" \/>\n\t<meta name=\"twitter:data1\" content=\"5 minutes\" \/>\n<script type=\"application\/ld+json\" class=\"yoast-schema-graph\">{\"@context\":\"https:\/\/schema.org\",\"@graph\":[{\"@type\":\"WebPage\",\"@id\":\"https:\/\/monofamilias.es\/val\/politica-de-privacitat\/\",\"url\":\"https:\/\/monofamilias.es\/val\/politica-de-privacitat\/\",\"name\":\"Pol\u00edtica de privacitat - Monofamilias - Familias Monoparentales de la Comunidad Valenciana\",\"isPartOf\":{\"@id\":\"https:\/\/monofamilias.es\/#website\"},\"datePublished\":\"2020-01-10T08:34:41+00:00\",\"dateModified\":\"2023-02-13T12:30:02+00:00\",\"inLanguage\":\"val\",\"potentialAction\":[{\"@type\":\"ReadAction\",\"target\":[\"https:\/\/monofamilias.es\/val\/politica-de-privacitat\/\"]}]},{\"@type\":\"WebSite\",\"@id\":\"https:\/\/monofamilias.es\/#website\",\"url\":\"https:\/\/monofamilias.es\/\",\"name\":\"Monofamilias\",\"description\":\"Familias Monoparentales de la Comunidad Valenciana\",\"publisher\":{\"@id\":\"https:\/\/monofamilias.es\/#organization\"},\"potentialAction\":[{\"@type\":\"SearchAction\",\"target\":{\"@type\":\"EntryPoint\",\"urlTemplate\":\"https:\/\/monofamilias.es\/?s={search_term_string}\"},\"query-input\":\"required name=search_term_string\"}],\"inLanguage\":\"val\"},{\"@type\":\"Organization\",\"@id\":\"https:\/\/monofamilias.es\/#organization\",\"name\":\"Monofamilias\",\"url\":\"https:\/\/monofamilias.es\/\",\"logo\":{\"@type\":\"ImageObject\",\"inLanguage\":\"val\",\"@id\":\"https:\/\/monofamilias.es\/#\/schema\/logo\/image\/\",\"url\":\"https:\/\/monofamilias.es\/wp-content\/uploads\/2020\/04\/Familias-Monoparentales-Valencia-r.png\",\"contentUrl\":\"https:\/\/monofamilias.es\/wp-content\/uploads\/2020\/04\/Familias-Monoparentales-Valencia-r.png\",\"width\":900,\"height\":265,\"caption\":\"Monofamilias\"},\"image\":{\"@id\":\"https:\/\/monofamilias.es\/#\/schema\/logo\/image\/\"}}]}<\/script>\n<!-- \/ Yoast SEO plugin. -->","yoast_head_json":{"title":"Pol\u00edtica de privacitat - Monofamilias - Familias Monoparentales de la Comunidad Valenciana","robots":{"index":"index","follow":"follow","max-snippet":"max-snippet:-1","max-image-preview":"max-image-preview:large","max-video-preview":"max-video-preview:-1"},"canonical":"https:\/\/monofamilias.es\/val\/politica-de-privacitat\/","og_locale":"en_US","og_type":"article","og_title":"Pol\u00edtica de privacitat - Monofamilias - Familias Monoparentales de la Comunidad Valenciana","og_description":"Pol\u00edtica de privacitat asociacionfamiliasmonoparentales.es \u00e9s una web pertanyent a l&#8217;Associaci\u00f3 Fam\u00edlies Monoparentals de la Comunitat Valenciana (en els successiu l&#8217;Associaci\u00f3 o *Monofamilias). En accedir al present lloc web, l&#8217;usuari autoritza l&#8217;Associaci\u00f3 a utilitzar la seua informaci\u00f3 personal. Per a navegar per aquesta web no \u00e9s...","og_url":"https:\/\/monofamilias.es\/val\/politica-de-privacitat\/","og_site_name":"Monofamilias","article_modified_time":"2023-02-13T12:30:02+00:00","twitter_card":"summary_large_image","twitter_misc":{"Est. reading time":"5 minutes"},"schema":{"@context":"https:\/\/schema.org","@graph":[{"@type":"WebPage","@id":"https:\/\/monofamilias.es\/val\/politica-de-privacitat\/","url":"https:\/\/monofamilias.es\/val\/politica-de-privacitat\/","name":"Pol\u00edtica de privacitat - Monofamilias - Familias Monoparentales de la Comunidad Valenciana","isPartOf":{"@id":"https:\/\/monofamilias.es\/#website"},"datePublished":"2020-01-10T08:34:41+00:00","dateModified":"2023-02-13T12:30:02+00:00","inLanguage":"val","potentialAction":[{"@type":"ReadAction","target":["https:\/\/monofamilias.es\/val\/politica-de-privacitat\/"]}]},{"@type":"WebSite","@id":"https:\/\/monofamilias.es\/#website","url":"https:\/\/monofamilias.es\/","name":"Monofamilias","description":"Familias Monoparentales de la Comunidad Valenciana","publisher":{"@id":"https:\/\/monofamilias.es\/#organization"},"potentialAction":[{"@type":"SearchAction","target":{"@type":"EntryPoint","urlTemplate":"https:\/\/monofamilias.es\/?s={search_term_string}"},"query-input":"required name=search_term_string"}],"inLanguage":"val"},{"@type":"Organization","@id":"https:\/\/monofamilias.es\/#organization","name":"Monofamilias","url":"https:\/\/monofamilias.es\/","logo":{"@type":"ImageObject","inLanguage":"val","@id":"https:\/\/monofamilias.es\/#\/schema\/logo\/image\/","url":"https:\/\/monofamilias.es\/wp-content\/uploads\/2020\/04\/Familias-Monoparentales-Valencia-r.png","contentUrl":"https:\/\/monofamilias.es\/wp-content\/uploads\/2020\/04\/Familias-Monoparentales-Valencia-r.png","width":900,"height":265,"caption":"Monofamilias"},"image":{"@id":"https:\/\/monofamilias.es\/#\/schema\/logo\/image\/"}}]}},"_links":{"self":[{"href":"https:\/\/monofamilias.es\/val\/wp-json\/wp\/v2\/pages\/2214"}],"collection":[{"href":"https:\/\/monofamilias.es\/val\/wp-json\/wp\/v2\/pages"}],"about":[{"href":"https:\/\/monofamilias.es\/val\/wp-json\/wp\/v2\/types\/page"}],"author":[{"embeddable":true,"href":"https:\/\/monofamilias.es\/val\/wp-json\/wp\/v2\/users\/1"}],"replies":[{"embeddable":true,"href":"https:\/\/monofamilias.es\/val\/wp-json\/wp\/v2\/comments?post=2214"}],"version-history":[{"count":4,"href":"https:\/\/monofamilias.es\/val\/wp-json\/wp\/v2\/pages\/2214\/revisions"}],"predecessor-version":[{"id":3010,"href":"https:\/\/monofamilias.es\/val\/wp-json\/wp\/v2\/pages\/2214\/revisions\/3010"}],"wp:attachment":[{"href":"https:\/\/monofamilias.es\/val\/wp-json\/wp\/v2\/media?parent=2214"}],"curies":[{"name":"wp","href":"https:\/\/api.w.org\/{rel}","templated":true}]}}