{"id":3558,"date":"2023-12-13T13:18:07","date_gmt":"2023-12-13T13:18:07","guid":{"rendered":"https:\/\/monofamilias.es\/?page_id=3558"},"modified":"2023-12-13T13:31:09","modified_gmt":"2023-12-13T13:31:09","slug":"asessorament-psicologic","status":"publish","type":"page","link":"https:\/\/monofamilias.es\/val\/asessorament-psicologic\/","title":{"rendered":"Asessorament Psicol\u00f2gic"},"content":{"rendered":"\t\t<div data-elementor-type=\"wp-page\" data-elementor-id=\"3558\" class=\"elementor elementor-3558 elementor-3557\">\n\t\t\t\t\t\t\t\t\t<section class=\"elementor-section elementor-top-section elementor-element elementor-element-059ab08 elementor-section-boxed elementor-section-height-default elementor-section-height-default parallax_section_no qode_elementor_container_no\" data-id=\"059ab08\" data-element_type=\"section\">\n\t\t\t\t\t\t<div class=\"elementor-container elementor-column-gap-default\">\n\t\t\t\t\t<div class=\"elementor-column elementor-col-100 elementor-top-column elementor-element elementor-element-5807a79\" data-id=\"5807a79\" data-element_type=\"column\">\n\t\t\t<div class=\"elementor-widget-wrap elementor-element-populated\">\n\t\t\t\t\t\t\t\t<div class=\"elementor-element elementor-element-1bad9de elementor-widget elementor-widget-text-editor\" data-id=\"1bad9de\" data-element_type=\"widget\" data-widget_type=\"text-editor.default\">\n\t\t\t\t<div class=\"elementor-widget-container\">\n\t\t\t<style>\/*! elementor - v3.16.0 - 20-09-2023 *\/\n.elementor-widget-text-editor.elementor-drop-cap-view-stacked .elementor-drop-cap{background-color:#69727d;color:#fff}.elementor-widget-text-editor.elementor-drop-cap-view-framed .elementor-drop-cap{color:#69727d;border:3px solid;background-color:transparent}.elementor-widget-text-editor:not(.elementor-drop-cap-view-default) .elementor-drop-cap{margin-top:8px}.elementor-widget-text-editor:not(.elementor-drop-cap-view-default) .elementor-drop-cap-letter{width:1em;height:1em}.elementor-widget-text-editor .elementor-drop-cap{float:left;text-align:center;line-height:1;font-size:50px}.elementor-widget-text-editor .elementor-drop-cap-letter{display:inline-block}<\/style>\t\t\t\t<h1>Servici d&#8217;Asessorament Psicol\u00f2gic<\/h1>\t\t\t\t\t\t<\/div>\n\t\t\t\t<\/div>\n\t\t\t\t<div class=\"elementor-element elementor-element-740bf46 elementor-widget elementor-widget-text-editor\" data-id=\"740bf46\" data-element_type=\"widget\" data-widget_type=\"text-editor.default\">\n\t\t\t\t<div class=\"elementor-widget-container\">\n\t\t\t\t\t\t\t<h5>Gratu\u00eft per a socis i s\u00f2cies de Monofamilias<\/h5>\t\t\t\t\t\t<\/div>\n\t\t\t\t<\/div>\n\t\t\t\t\t<\/div>\n\t\t<\/div>\n\t\t\t\t\t\t\t<\/div>\n\t\t<\/section>\n\t\t\t\t<section class=\"elementor-section elementor-top-section elementor-element elementor-element-612d454 qode_elementor_container_inner elementor-section-boxed elementor-section-height-default elementor-section-height-default parallax_section_no\" data-id=\"612d454\" data-element_type=\"section\">\n\t\t\t\t\t\t<div class=\"elementor-container elementor-column-gap-default\">\n\t\t\t\t\t<div class=\"elementor-column elementor-col-50 elementor-top-column elementor-element elementor-element-e2158ca\" data-id=\"e2158ca\" data-element_type=\"column\">\n\t\t\t<div class=\"elementor-widget-wrap elementor-element-populated\">\n\t\t\t\t\t\t\t\t<div class=\"elementor-element elementor-element-ade389b elementor-widget elementor-widget-image\" data-id=\"ade389b\" data-element_type=\"widget\" data-widget_type=\"image.default\">\n\t\t\t\t<div class=\"elementor-widget-container\">\n\t\t\t<style>\/*! elementor - v3.16.0 - 20-09-2023 *\/\n.elementor-widget-image{text-align:center}.elementor-widget-image a{display:inline-block}.elementor-widget-image a img[src$=\".svg\"]{width:48px}.elementor-widget-image img{vertical-align:middle;display:inline-block}<\/style>\t\t\t\t\t\t\t\t\t\t\t\t<img decoding=\"async\" loading=\"lazy\" width=\"683\" height=\"1024\" src=\"https:\/\/monofamilias.es\/wp-content\/uploads\/2023\/07\/asesoramiento-psicologico-683x1024.jpg\" class=\"attachment-large size-large wp-image-3561\" alt=\"\" srcset=\"https:\/\/monofamilias.es\/wp-content\/uploads\/2023\/07\/asesoramiento-psicologico-683x1024.jpg 683w, https:\/\/monofamilias.es\/wp-content\/uploads\/2023\/07\/asesoramiento-psicologico-200x300.jpg 200w, https:\/\/monofamilias.es\/wp-content\/uploads\/2023\/07\/asesoramiento-psicologico-768x1152.jpg 768w, https:\/\/monofamilias.es\/wp-content\/uploads\/2023\/07\/asesoramiento-psicologico-1024x1536.jpg 1024w, https:\/\/monofamilias.es\/wp-content\/uploads\/2023\/07\/asesoramiento-psicologico-1365x2048.jpg 1365w, https:\/\/monofamilias.es\/wp-content\/uploads\/2023\/07\/asesoramiento-psicologico-700x1050.jpg 700w, https:\/\/monofamilias.es\/wp-content\/uploads\/2023\/07\/asesoramiento-psicologico-scaled.jpg 1707w\" sizes=\"(max-width: 683px) 100vw, 683px\" \/>\t\t\t\t\t\t\t\t\t\t\t\t\t\t\t<\/div>\n\t\t\t\t<\/div>\n\t\t\t\t\t<\/div>\n\t\t<\/div>\n\t\t\t\t<div class=\"elementor-column elementor-col-50 elementor-top-column elementor-element elementor-element-9cf1d97\" data-id=\"9cf1d97\" data-element_type=\"column\">\n\t\t\t<div class=\"elementor-widget-wrap elementor-element-populated\">\n\t\t\t\t\t\t\t\t<div class=\"elementor-element elementor-element-ef37ee3 elementor-widget elementor-widget-text-editor\" data-id=\"ef37ee3\" data-element_type=\"widget\" data-widget_type=\"text-editor.default\">\n\t\t\t\t<div class=\"elementor-widget-container\">\n\t\t\t\t\t\t\t<p>Monofamilias posa a la teua disposici\u00f3 un servei d&#8217;Assessorament Psicol\u00f2gic per a fam\u00edlies associades, que et proporciona eines i recursos per a millorar el teu benestar emocional, enfortir les teues habilitats personals i socials i fomentar el teu creixement personal.<\/p>\t\t\t\t\t\t<\/div>\n\t\t\t\t<\/div>\n\t\t\t\t<div class=\"elementor-element elementor-element-859255b elementor-widget elementor-widget-bridge_accordion\" data-id=\"859255b\" data-element_type=\"widget\" data-widget_type=\"bridge_accordion.default\">\n\t\t\t\t<div class=\"elementor-widget-container\">\n\t\t\t\n        <div class=\"qode-accordion-holder clearfix qode-accordion qode-initial \">\n            <h4 class=\"clearfix qode-title-holder\">\n<span class=\"qode-tab-title\">\n\t\t\t<span class=\"qode-tab-title-icon\">\n\t\t\t\t\t<\/span>\n\t    <span class=\"qode-tab-title-inner\">\n        Qu\u00e8 ofereix aquest servici?    <\/span>\n<\/span>\n<span class=\"qode-accordion-mark\">\n    <span class=\"qode-accordion-mark-icon\">\n        <span class=\"icon_plus\"><\/span>\n        <span class=\"icon_minus-06\"><\/span>\n    <\/span>\n<\/span>\n<\/h4>\n<div  class=\"qode-accordion-content \" style=\"background-image: url()\">\n    <div class=\"qode-accordion-content-inner\">\n        <p>Es tracta d'un servei d'atenci\u00f3 individual i confidencial, un espai on t'oferiran ajuda i orientaci\u00f3 espec\u00edfica, t'escoltaran i atendran, donant suport professional, des de la comprensi\u00f3 i el respecte.<\/p><p>Tamb\u00e9 es posen en marxa activitats grupals i espais de reflexi\u00f3 on poder parlar de sentiments i emocions, on resoldre conflictes i treballar l'autoestima, el respecte, l'assertivitat, etc.<\/p><p>El servei d'acompanyament psicol\u00f2gic es tracta d'un servei d'orientaci\u00f3 psicol\u00f2gica puntual i mai com a proc\u00e9s terap\u00e8utic.<\/p>    <\/div>\n<\/div><h4 class=\"clearfix qode-title-holder\">\n<span class=\"qode-tab-title\">\n\t\t\t<span class=\"qode-tab-title-icon\">\n\t\t\t\t\t<\/span>\n\t    <span class=\"qode-tab-title-inner\">\n        A qui es dirigeix?    <\/span>\n<\/span>\n<span class=\"qode-accordion-mark\">\n    <span class=\"qode-accordion-mark-icon\">\n        <span class=\"icon_plus\"><\/span>\n        <span class=\"icon_minus-06\"><\/span>\n    <\/span>\n<\/span>\n<\/h4>\n<div  class=\"qode-accordion-content \" style=\"background-image: url()\">\n    <div class=\"qode-accordion-content-inner\">\n        <p>Es dirigeix a totes aquelles persones s\u00f2cies de Monofamilias que necessiten assessorament psicol\u00f2gic, elles o els seus fills\/as<\/p>    <\/div>\n<\/div><h4 class=\"clearfix qode-title-holder\">\n<span class=\"qode-tab-title\">\n\t\t\t<span class=\"qode-tab-title-icon\">\n\t\t\t\t\t<\/span>\n\t    <span class=\"qode-tab-title-inner\">\n        Com sol\u00b7licitar una cita?    <\/span>\n<\/span>\n<span class=\"qode-accordion-mark\">\n    <span class=\"qode-accordion-mark-icon\">\n        <span class=\"icon_plus\"><\/span>\n        <span class=\"icon_minus-06\"><\/span>\n    <\/span>\n<\/span>\n<\/h4>\n<div  class=\"qode-accordion-content \" style=\"background-image: url()\">\n    <div class=\"qode-accordion-content-inner\">\n        <p>Si vols sol\u00b7licitar una cita d'assessorament psicol\u00f2gic, posa't en contacte amb Monofamilias a trav\u00e9s del correu electr\u00f2nic: administracion@monofamilias.es<\/p><p>O emplena aquest formulari que trobar\u00e0s a continuaci\u00f3<\/p>    <\/div>\n<\/div>        <\/div>\n\n        \t\t<\/div>\n\t\t\t\t<\/div>\n\t\t\t\t<div class=\"elementor-element elementor-element-c44417f elementor-widget elementor-widget-bridge_cf_7\" data-id=\"c44417f\" data-element_type=\"widget\" data-widget_type=\"bridge_cf_7.default\">\n\t\t\t\t<div class=\"elementor-widget-container\">\n\t\t\t    <div class=\"qode-contact-form-7 qode-contact-form-7-0\">\n    \n<div class=\"wpcf7 no-js\" id=\"wpcf7-f395-o1\" lang=\"es-ES\" dir=\"ltr\">\n<div class=\"screen-reader-response\"><p role=\"status\" aria-live=\"polite\" aria-atomic=\"true\"><\/p> <ul><\/ul><\/div>\n<form action=\"\/val\/wp-json\/wp\/v2\/pages\/3558#wpcf7-f395-o1\" method=\"post\" class=\"wpcf7-form init cf7_custom_style_1\" aria-label=\"Contact form\" novalidate=\"novalidate\" data-status=\"init\">\n<div style=\"display: none;\">\n<input type=\"hidden\" name=\"_wpcf7\" value=\"395\" \/>\n<input type=\"hidden\" name=\"_wpcf7_version\" value=\"5.8.1\" \/>\n<input type=\"hidden\" name=\"_wpcf7_locale\" value=\"es_ES\" \/>\n<input type=\"hidden\" name=\"_wpcf7_unit_tag\" value=\"wpcf7-f395-o1\" \/>\n<input type=\"hidden\" name=\"_wpcf7_container_post\" value=\"0\" \/>\n<input type=\"hidden\" name=\"_wpcf7_posted_data_hash\" value=\"\" \/>\n<input type=\"hidden\" name=\"_wpcf7_recaptcha_response\" value=\"\" \/>\n<\/div>\n<label> Tu nombre\n    <span class=\"wpcf7-form-control-wrap\" data-name=\"your-name\"><input size=\"40\" class=\"wpcf7-form-control wpcf7-text wpcf7-validates-as-required\" aria-required=\"true\" aria-invalid=\"false\" value=\"\" type=\"text\" name=\"your-name\" \/><\/span> <\/label>\n\n<label> Tu correo electr\u00f3nico\n    <span class=\"wpcf7-form-control-wrap\" data-name=\"your-email\"><input size=\"40\" class=\"wpcf7-form-control wpcf7-email wpcf7-validates-as-required wpcf7-text wpcf7-validates-as-email\" aria-required=\"true\" aria-invalid=\"false\" value=\"\" type=\"email\" name=\"your-email\" \/><\/span> <\/label>\n\n<label> Tu mensaje (opcional)\n    <span class=\"wpcf7-form-control-wrap\" data-name=\"your-message\"><textarea cols=\"40\" rows=\"10\" class=\"wpcf7-form-control wpcf7-textarea\" aria-invalid=\"false\" name=\"your-message\"><\/textarea><\/span> <\/label>\n\n<span class=\"wpcf7-form-control-wrap\" data-name=\"acceptance-490\"><span class=\"wpcf7-form-control wpcf7-acceptance\"><span class=\"wpcf7-list-item\"><input type=\"checkbox\" name=\"acceptance-490\" value=\"1\" aria-invalid=\"false\" \/><\/span><\/span><\/span> Doy mi consentimiento para el tratamiento de mis datos LOPD y <a href=\"https:\/\/monofamilias.es\/politica-de-privacidad\/\"><u> acepto la Ley de Protecci\u00f3n de Datos de MONOFAMILIAS  <\/u><\/a>\n<br>\n<br>\n\n<input class=\"wpcf7-form-control wpcf7-submit has-spinner\" type=\"submit\" value=\"Enviar\" \/><p style=\"display: none !important;\"><label>&#916;<textarea name=\"_wpcf7_ak_hp_textarea\" cols=\"45\" rows=\"8\" maxlength=\"100\"><\/textarea><\/label><input type=\"hidden\" id=\"ak_js_1\" name=\"_wpcf7_ak_js\" value=\"133\"\/><script>document.getElementById( \"ak_js_1\" ).setAttribute( \"value\", ( new Date() ).getTime() );<\/script><\/p><div class=\"wpcf7-response-output\" aria-hidden=\"true\"><\/div>\n<\/form>\n<\/div>\n    <\/div>\n\t\t<\/div>\n\t\t\t\t<\/div>\n\t\t\t\t\t<\/div>\n\t\t<\/div>\n\t\t\t\t\t\t\t<\/div>\n\t\t<\/section>\n\t\t\t\t<section class=\"elementor-section elementor-top-section elementor-element elementor-element-92cc960 elementor-section-boxed elementor-section-height-default elementor-section-height-default parallax_section_no qode_elementor_container_no\" data-id=\"92cc960\" data-element_type=\"section\">\n\t\t\t\t\t\t<div class=\"elementor-container elementor-column-gap-default\">\n\t\t\t\t\t<div class=\"elementor-column elementor-col-100 elementor-top-column elementor-element elementor-element-b590663\" data-id=\"b590663\" data-element_type=\"column\">\n\t\t\t<div class=\"elementor-widget-wrap elementor-element-populated\">\n\t\t\t\t\t\t\t\t<div class=\"elementor-element elementor-element-1f1f6ce elementor-widget elementor-widget-text-editor\" data-id=\"1f1f6ce\" data-element_type=\"widget\" data-widget_type=\"text-editor.default\">\n\t\t\t\t<div class=\"elementor-widget-container\">\n\t\t\t\t\t\t\t<h4 style=\"text-align: center;\">Amb la col.laboraci\u00f3 de:<\/h4>\t\t\t\t\t\t<\/div>\n\t\t\t\t<\/div>\n\t\t\t\t\t<\/div>\n\t\t<\/div>\n\t\t\t\t\t\t\t<\/div>\n\t\t<\/section>\n\t\t\t\t<section class=\"elementor-section elementor-top-section elementor-element elementor-element-56a49fee elementor-section-boxed elementor-section-height-default elementor-section-height-default parallax_section_no qode_elementor_container_no\" data-id=\"56a49fee\" data-element_type=\"section\">\n\t\t\t\t\t\t<div class=\"elementor-container elementor-column-gap-default\">\n\t\t\t\t\t<div class=\"elementor-column elementor-col-25 elementor-top-column elementor-element elementor-element-63f6374a\" data-id=\"63f6374a\" data-element_type=\"column\">\n\t\t\t<div class=\"elementor-widget-wrap elementor-element-populated\">\n\t\t\t\t\t\t\t\t<div class=\"elementor-element elementor-element-68f20457 elementor-widget elementor-widget-image\" data-id=\"68f20457\" data-element_type=\"widget\" data-widget_type=\"image.default\">\n\t\t\t\t<div class=\"elementor-widget-container\">\n\t\t\t\t\t\t\t\t\t\t\t\t\t\t\t<img decoding=\"async\" loading=\"lazy\" width=\"1024\" height=\"400\" src=\"https:\/\/monofamilias.es\/wp-content\/uploads\/2022\/01\/GVA1.png\" class=\"attachment-large size-large wp-image-2257\" alt=\"\" srcset=\"https:\/\/monofamilias.es\/wp-content\/uploads\/2022\/01\/GVA1.png 1024w, https:\/\/monofamilias.es\/wp-content\/uploads\/2022\/01\/GVA1-300x117.png 300w, https:\/\/monofamilias.es\/wp-content\/uploads\/2022\/01\/GVA1-768x300.png 768w, https:\/\/monofamilias.es\/wp-content\/uploads\/2022\/01\/GVA1-700x273.png 700w\" sizes=\"(max-width: 1024px) 100vw, 1024px\" \/>\t\t\t\t\t\t\t\t\t\t\t\t\t\t\t<\/div>\n\t\t\t\t<\/div>\n\t\t\t\t\t<\/div>\n\t\t<\/div>\n\t\t\t\t<div class=\"elementor-column elementor-col-25 elementor-top-column elementor-element elementor-element-6c413118\" data-id=\"6c413118\" data-element_type=\"column\">\n\t\t\t<div class=\"elementor-widget-wrap elementor-element-populated\">\n\t\t\t\t\t\t\t\t<div class=\"elementor-element elementor-element-5b2c561f elementor-widget elementor-widget-image\" data-id=\"5b2c561f\" data-element_type=\"widget\" data-widget_type=\"image.default\">\n\t\t\t\t<div class=\"elementor-widget-container\">\n\t\t\t\t\t\t\t\t\t\t\t\t\t\t\t<img decoding=\"async\" loading=\"lazy\" width=\"1024\" height=\"400\" src=\"https:\/\/monofamilias.es\/wp-content\/uploads\/2022\/01\/diputacion2.png\" class=\"attachment-large size-large wp-image-2253\" alt=\"\" srcset=\"https:\/\/monofamilias.es\/wp-content\/uploads\/2022\/01\/diputacion2.png 1024w, https:\/\/monofamilias.es\/wp-content\/uploads\/2022\/01\/diputacion2-300x117.png 300w, https:\/\/monofamilias.es\/wp-content\/uploads\/2022\/01\/diputacion2-768x300.png 768w, https:\/\/monofamilias.es\/wp-content\/uploads\/2022\/01\/diputacion2-700x273.png 700w\" sizes=\"(max-width: 1024px) 100vw, 1024px\" \/>\t\t\t\t\t\t\t\t\t\t\t\t\t\t\t<\/div>\n\t\t\t\t<\/div>\n\t\t\t\t\t<\/div>\n\t\t<\/div>\n\t\t\t\t<div class=\"elementor-column elementor-col-25 elementor-top-column elementor-element elementor-element-282a5855\" data-id=\"282a5855\" data-element_type=\"column\">\n\t\t\t<div class=\"elementor-widget-wrap elementor-element-populated\">\n\t\t\t\t\t\t\t\t<div class=\"elementor-element elementor-element-1fe797f6 elementor-widget elementor-widget-image\" data-id=\"1fe797f6\" data-element_type=\"widget\" data-widget_type=\"image.default\">\n\t\t\t\t<div class=\"elementor-widget-container\">\n\t\t\t\t\t\t\t\t\t\t\t\t\t\t\t<img decoding=\"async\" loading=\"lazy\" width=\"1024\" height=\"400\" src=\"https:\/\/monofamilias.es\/wp-content\/uploads\/2022\/03\/diputacionalc.png\" class=\"attachment-large size-large wp-image-2390\" alt=\"\" srcset=\"https:\/\/monofamilias.es\/wp-content\/uploads\/2022\/03\/diputacionalc.png 1024w, https:\/\/monofamilias.es\/wp-content\/uploads\/2022\/03\/diputacionalc-300x117.png 300w, https:\/\/monofamilias.es\/wp-content\/uploads\/2022\/03\/diputacionalc-768x300.png 768w, https:\/\/monofamilias.es\/wp-content\/uploads\/2022\/03\/diputacionalc-700x273.png 700w\" sizes=\"(max-width: 1024px) 100vw, 1024px\" \/>\t\t\t\t\t\t\t\t\t\t\t\t\t\t\t<\/div>\n\t\t\t\t<\/div>\n\t\t\t\t\t<\/div>\n\t\t<\/div>\n\t\t\t\t<div class=\"elementor-column elementor-col-25 elementor-top-column elementor-element elementor-element-6d8d0454\" data-id=\"6d8d0454\" data-element_type=\"column\">\n\t\t\t<div class=\"elementor-widget-wrap elementor-element-populated\">\n\t\t\t\t\t\t\t\t<div class=\"elementor-element elementor-element-2c101691 elementor-widget elementor-widget-image\" data-id=\"2c101691\" data-element_type=\"widget\" data-widget_type=\"image.default\">\n\t\t\t\t<div class=\"elementor-widget-container\">\n\t\t\t\t\t\t\t\t\t\t\t\t\t\t\t<img decoding=\"async\" loading=\"lazy\" width=\"1024\" height=\"400\" src=\"https:\/\/monofamilias.es\/wp-content\/uploads\/2022\/01\/gva2.png\" class=\"attachment-large size-large wp-image-2255\" alt=\"\" srcset=\"https:\/\/monofamilias.es\/wp-content\/uploads\/2022\/01\/gva2.png 1024w, https:\/\/monofamilias.es\/wp-content\/uploads\/2022\/01\/gva2-300x117.png 300w, https:\/\/monofamilias.es\/wp-content\/uploads\/2022\/01\/gva2-768x300.png 768w, https:\/\/monofamilias.es\/wp-content\/uploads\/2022\/01\/gva2-700x273.png 700w\" sizes=\"(max-width: 1024px) 100vw, 1024px\" \/>\t\t\t\t\t\t\t\t\t\t\t\t\t\t\t<\/div>\n\t\t\t\t<\/div>\n\t\t\t\t\t<\/div>\n\t\t<\/div>\n\t\t\t\t\t\t\t<\/div>\n\t\t<\/section>\n\t\t\t\t\t\t\t<\/div>\n\t\t","protected":false},"excerpt":{"rendered":"<p>Servici d&#8217;Asessorament Psicol\u00f2gic Gratu\u00eft per a socis i s\u00f2cies de Monofamilias Monofamilias posa a la teua disposici\u00f3 un servei d&#8217;Assessorament Psicol\u00f2gic per a fam\u00edlies associades, que et proporciona eines i recursos per a millorar el teu benestar emocional, enfortir les teues habilitats personals i socials&#8230;<\/p>\n","protected":false},"author":1,"featured_media":0,"parent":0,"menu_order":0,"comment_status":"closed","ping_status":"closed","template":"","meta":{"om_disable_all_campaigns":false,"_mi_skip_tracking":false,"_monsterinsights_sitenote_active":false,"_monsterinsights_sitenote_note":"","_monsterinsights_sitenote_category":0,"footnotes":""},"yoast_head":"<!-- This site is optimized with the Yoast SEO plugin v21.3 - https:\/\/yoast.com\/wordpress\/plugins\/seo\/ -->\n<title>Asessorament Psicol\u00f2gic - Monofamilias<\/title>\n<meta name=\"robots\" content=\"index, follow, max-snippet:-1, max-image-preview:large, max-video-preview:-1\" \/>\n<link rel=\"canonical\" href=\"https:\/\/monofamilias.es\/val\/asessorament-psicologic\/\" \/>\n<meta property=\"og:locale\" content=\"en_US\" \/>\n<meta property=\"og:type\" content=\"article\" \/>\n<meta property=\"og:title\" content=\"Asessorament Psicol\u00f2gic - Monofamilias\" \/>\n<meta property=\"og:description\" content=\"Servici d&#8217;Asessorament Psicol\u00f2gic Gratu\u00eft per a socis i s\u00f2cies de Monofamilias Monofamilias posa a la teua disposici\u00f3 un servei d&#8217;Assessorament Psicol\u00f2gic per a fam\u00edlies associades, que et proporciona eines i recursos per a millorar el teu benestar emocional, enfortir les teues habilitats personals i socials...\" \/>\n<meta property=\"og:url\" content=\"https:\/\/monofamilias.es\/val\/asessorament-psicologic\/\" \/>\n<meta property=\"og:site_name\" content=\"Monofamilias\" \/>\n<meta property=\"article:modified_time\" content=\"2023-12-13T13:31:09+00:00\" \/>\n<meta property=\"og:image\" content=\"https:\/\/monofamilias.es\/wp-content\/uploads\/2023\/07\/asesoramiento-psicologico-683x1024.jpg\" \/>\n<meta name=\"twitter:card\" content=\"summary_large_image\" \/>\n<meta name=\"twitter:label1\" content=\"Est. reading time\" \/>\n\t<meta name=\"twitter:data1\" content=\"3 minutes\" \/>\n<script type=\"application\/ld+json\" class=\"yoast-schema-graph\">{\"@context\":\"https:\/\/schema.org\",\"@graph\":[{\"@type\":\"WebPage\",\"@id\":\"https:\/\/monofamilias.es\/val\/asessorament-psicologic\/\",\"url\":\"https:\/\/monofamilias.es\/val\/asessorament-psicologic\/\",\"name\":\"Asessorament Psicol\u00f2gic - Monofamilias\",\"isPartOf\":{\"@id\":\"https:\/\/monofamilias.es\/#website\"},\"datePublished\":\"2023-12-13T13:18:07+00:00\",\"dateModified\":\"2023-12-13T13:31:09+00:00\",\"inLanguage\":\"val\",\"potentialAction\":[{\"@type\":\"ReadAction\",\"target\":[\"https:\/\/monofamilias.es\/val\/asessorament-psicologic\/\"]}]},{\"@type\":\"WebSite\",\"@id\":\"https:\/\/monofamilias.es\/#website\",\"url\":\"https:\/\/monofamilias.es\/\",\"name\":\"Monofamilias\",\"description\":\"Familias Monoparentales de la Comunidad Valenciana\",\"publisher\":{\"@id\":\"https:\/\/monofamilias.es\/#organization\"},\"potentialAction\":[{\"@type\":\"SearchAction\",\"target\":{\"@type\":\"EntryPoint\",\"urlTemplate\":\"https:\/\/monofamilias.es\/?s={search_term_string}\"},\"query-input\":\"required name=search_term_string\"}],\"inLanguage\":\"val\"},{\"@type\":\"Organization\",\"@id\":\"https:\/\/monofamilias.es\/#organization\",\"name\":\"Monofamilias\",\"url\":\"https:\/\/monofamilias.es\/\",\"logo\":{\"@type\":\"ImageObject\",\"inLanguage\":\"val\",\"@id\":\"https:\/\/monofamilias.es\/#\/schema\/logo\/image\/\",\"url\":\"https:\/\/monofamilias.es\/wp-content\/uploads\/2020\/04\/Familias-Monoparentales-Valencia-r.png\",\"contentUrl\":\"https:\/\/monofamilias.es\/wp-content\/uploads\/2020\/04\/Familias-Monoparentales-Valencia-r.png\",\"width\":900,\"height\":265,\"caption\":\"Monofamilias\"},\"image\":{\"@id\":\"https:\/\/monofamilias.es\/#\/schema\/logo\/image\/\"}}]}<\/script>\n<!-- \/ Yoast SEO plugin. -->","yoast_head_json":{"title":"Asessorament Psicol\u00f2gic - Monofamilias","robots":{"index":"index","follow":"follow","max-snippet":"max-snippet:-1","max-image-preview":"max-image-preview:large","max-video-preview":"max-video-preview:-1"},"canonical":"https:\/\/monofamilias.es\/val\/asessorament-psicologic\/","og_locale":"en_US","og_type":"article","og_title":"Asessorament Psicol\u00f2gic - Monofamilias","og_description":"Servici d&#8217;Asessorament Psicol\u00f2gic Gratu\u00eft per a socis i s\u00f2cies de Monofamilias Monofamilias posa a la teua disposici\u00f3 un servei d&#8217;Assessorament Psicol\u00f2gic per a fam\u00edlies associades, que et proporciona eines i recursos per a millorar el teu benestar emocional, enfortir les teues habilitats personals i socials...","og_url":"https:\/\/monofamilias.es\/val\/asessorament-psicologic\/","og_site_name":"Monofamilias","article_modified_time":"2023-12-13T13:31:09+00:00","og_image":[{"url":"https:\/\/monofamilias.es\/wp-content\/uploads\/2023\/07\/asesoramiento-psicologico-683x1024.jpg"}],"twitter_card":"summary_large_image","twitter_misc":{"Est. reading time":"3 minutes"},"schema":{"@context":"https:\/\/schema.org","@graph":[{"@type":"WebPage","@id":"https:\/\/monofamilias.es\/val\/asessorament-psicologic\/","url":"https:\/\/monofamilias.es\/val\/asessorament-psicologic\/","name":"Asessorament Psicol\u00f2gic - Monofamilias","isPartOf":{"@id":"https:\/\/monofamilias.es\/#website"},"datePublished":"2023-12-13T13:18:07+00:00","dateModified":"2023-12-13T13:31:09+00:00","inLanguage":"val","potentialAction":[{"@type":"ReadAction","target":["https:\/\/monofamilias.es\/val\/asessorament-psicologic\/"]}]},{"@type":"WebSite","@id":"https:\/\/monofamilias.es\/#website","url":"https:\/\/monofamilias.es\/","name":"Monofamilias","description":"Familias Monoparentales de la Comunidad Valenciana","publisher":{"@id":"https:\/\/monofamilias.es\/#organization"},"potentialAction":[{"@type":"SearchAction","target":{"@type":"EntryPoint","urlTemplate":"https:\/\/monofamilias.es\/?s={search_term_string}"},"query-input":"required name=search_term_string"}],"inLanguage":"val"},{"@type":"Organization","@id":"https:\/\/monofamilias.es\/#organization","name":"Monofamilias","url":"https:\/\/monofamilias.es\/","logo":{"@type":"ImageObject","inLanguage":"val","@id":"https:\/\/monofamilias.es\/#\/schema\/logo\/image\/","url":"https:\/\/monofamilias.es\/wp-content\/uploads\/2020\/04\/Familias-Monoparentales-Valencia-r.png","contentUrl":"https:\/\/monofamilias.es\/wp-content\/uploads\/2020\/04\/Familias-Monoparentales-Valencia-r.png","width":900,"height":265,"caption":"Monofamilias"},"image":{"@id":"https:\/\/monofamilias.es\/#\/schema\/logo\/image\/"}}]}},"_links":{"self":[{"href":"https:\/\/monofamilias.es\/val\/wp-json\/wp\/v2\/pages\/3558"}],"collection":[{"href":"https:\/\/monofamilias.es\/val\/wp-json\/wp\/v2\/pages"}],"about":[{"href":"https:\/\/monofamilias.es\/val\/wp-json\/wp\/v2\/types\/page"}],"author":[{"embeddable":true,"href":"https:\/\/monofamilias.es\/val\/wp-json\/wp\/v2\/users\/1"}],"replies":[{"embeddable":true,"href":"https:\/\/monofamilias.es\/val\/wp-json\/wp\/v2\/comments?post=3558"}],"version-history":[{"count":18,"href":"https:\/\/monofamilias.es\/val\/wp-json\/wp\/v2\/pages\/3558\/revisions"}],"predecessor-version":[{"id":4754,"href":"https:\/\/monofamilias.es\/val\/wp-json\/wp\/v2\/pages\/3558\/revisions\/4754"}],"wp:attachment":[{"href":"https:\/\/monofamilias.es\/val\/wp-json\/wp\/v2\/media?parent=3558"}],"curies":[{"name":"wp","href":"https:\/\/api.w.org\/{rel}","templated":true}]}}